{"id":45,"date":"2023-12-11T13:29:52","date_gmt":"2023-12-11T12:29:52","guid":{"rendered":"https:\/\/zielubau.de\/?page_id=45"},"modified":"2023-12-11T15:02:34","modified_gmt":"2023-12-11T14:02:34","slug":"projekt-1","status":"publish","type":"page","link":"https:\/\/zielubau.de\/?page_id=45","title":{"rendered":"Projekt 1"},"content":{"rendered":"\n<p><\/p>\n\n\n\n<div class=\"wp-block-media-text is-stacked-on-mobile\" style=\"grid-template-columns:55% auto\"><figure class=\"wp-block-media-text__media\"><img loading=\"lazy\" decoding=\"async\" width=\"960\" height=\"720\" src=\"https:\/\/zielubau.de\/wp-content\/uploads\/2023\/12\/175354547_2545333529094989_6867025614251169642_n-2.jpg\" alt=\"\" class=\"wp-image-121 size-full\" srcset=\"https:\/\/zielubau.de\/wp-content\/uploads\/2023\/12\/175354547_2545333529094989_6867025614251169642_n-2.jpg 960w, https:\/\/zielubau.de\/wp-content\/uploads\/2023\/12\/175354547_2545333529094989_6867025614251169642_n-2-300x225.jpg 300w, https:\/\/zielubau.de\/wp-content\/uploads\/2023\/12\/175354547_2545333529094989_6867025614251169642_n-2-768x576.jpg 768w\" sizes=\"auto, (max-width: 767px) 89vw, (max-width: 1000px) 54vw, (max-width: 1071px) 543px, 580px\" \/><\/figure><div class=\"wp-block-media-text__content\">\n<p class=\"has-text-align-center\"><strong>Ich begr\u00fc\u00dfe Sie herzlich<\/strong><\/p>\n\n\n\n<p class=\"has-text-align-center\"><strong>Es ist die Zeit gekommen um unser wunderbares Abenteuer mit dem Eko-Komplex <\/strong><\/p>\n\n\n\n<p class=\"has-text-align-center\"><strong>von Herrn Dirkes abzuschlie\u00dfen<em>.<\/em><\/strong><em>&nbsp;<\/em><\/p>\n<\/div><\/div>\n\n\n\n<p><\/p>\n\n\n\n<p><em><strong>Der Kunde und die Firma Zielubau sind zufrieden.<\/strong><\/em>\u00a0<\/p>\n\n\n\n<p>Wir teilen Ihnen den Endeffekt unserer Fertigstellung von Innenr\u00e4umen mit und wir k\u00f6nnen mit Sicherheit sagen, dass es ein Komplex ist, der mindestens in 95% aus den Eko- Materialien ausgef\u00fchrt wurde.<\/p>\n\n\n\n<p><em>Sie wurden sorgf\u00e4ltig auserw\u00e4hlt und Ihre Preise wurden an die M\u00f6glichkeiten des Kunden angepasst.<\/em>\u00a0Diesmal stellen wir nur die Fotos ein, weil die einzelnen Etappen in den fr\u00fcheren Posten besprochen wurden. <\/p>\n\n\n\n<p><\/p>\n\n\n\n<p>Werbung\u00a0 \u00a0<\/p>\n\n\n\n<p>Wenn es ihnen ein Motiv aus den unten angegebenen Fotos und aus dem ganzen Projekt 1 gef\u00e4llt, nehmen Sie den Kontakt mit uns auf:<\/p>\n\n\n\nngg_shortcode_0_placeholder\n\n\n\n<p><strong><em>Matias 1788161888<\/em><\/strong><\/p>\n\n\n\n<figure class=\"wp-block-gallery has-nested-images columns-default is-cropped wp-block-gallery-1 is-layout-flex wp-block-gallery-is-layout-flex\"><\/figure>\n\n\n\n<p><\/p>\n\n\n\n<p><strong>Was garantieren wir?<\/strong><br>\u2022Kostensicherheit dank des Festpreisangebots<\/p>\n\n\n\n<p>\u2022Sorgf\u00e4ltige Ausf\u00fchrung des Auftrags<\/p>\n\n\n\n<p>\u2022Kurze Ausf\u00fchrungszeit, angemessen den Auftragsarbeiten<\/p>\n\n\n\n<p>\u2022Beratung w\u00e4hrend der Ausf\u00fchrung um die kompatible Materialien auszuw\u00e4hlen<\/p>\n\n\n\n<p>\u2022Transparente Verg\u00fctungsbedingungen<\/p>\n\n\n\n<p>\u2022Lieferung der Versorgung\u2026<\/p>\n\n\n\n<p><strong>\u00dcbersicht der Dienstleistungen:<\/strong><\/p>\n\n\n\n<p>\u2022Fliesenlegung<\/p>\n\n\n\n<p>\u2022Trockenbau,<\/p>\n\n\n\n<p>\u2022Fu\u00dfb\u00f6den verlegen,<\/p>\n\n\n\n<p>\u2022Renovierung von A bis Z<\/p>\n\n\n\n<p>\u2022Mosaik, Fliesen,<\/p>\n\n\n\n<p>\u2022Erw\u00e4rmung, Schalld\u00e4mmung,<\/p>\n\n\n\n<p>\u2022Fenster, T\u00fcr.<\/p>\n\n\n\n<figure class=\"wp-block-gallery has-nested-images columns-default is-cropped wp-block-gallery-2 is-layout-flex wp-block-gallery-is-layout-flex\">\n<figure class=\"wp-block-image size-large\"><img loading=\"lazy\" decoding=\"async\" width=\"352\" height=\"480\" data-id=\"112\" src=\"https:\/\/zielubau.de\/wp-content\/uploads\/2023\/12\/175386948_2545333772428298_3939495114848453526_n-1.jpg\" alt=\"\" class=\"wp-image-112\" srcset=\"https:\/\/zielubau.de\/wp-content\/uploads\/2023\/12\/175386948_2545333772428298_3939495114848453526_n-1.jpg 352w, https:\/\/zielubau.de\/wp-content\/uploads\/2023\/12\/175386948_2545333772428298_3939495114848453526_n-1-220x300.jpg 220w\" sizes=\"auto, (max-width: 352px) 100vw, 352px\" \/><\/figure>\n\n\n\n<figure class=\"wp-block-image size-large\"><img loading=\"lazy\" decoding=\"async\" width=\"352\" height=\"480\" data-id=\"113\" src=\"https:\/\/zielubau.de\/wp-content\/uploads\/2023\/12\/175495349_2545333092428366_4663085711249429474_n.jpg\" alt=\"\" class=\"wp-image-113\" srcset=\"https:\/\/zielubau.de\/wp-content\/uploads\/2023\/12\/175495349_2545333092428366_4663085711249429474_n.jpg 352w, https:\/\/zielubau.de\/wp-content\/uploads\/2023\/12\/175495349_2545333092428366_4663085711249429474_n-220x300.jpg 220w\" sizes=\"auto, (max-width: 352px) 100vw, 352px\" \/><\/figure>\n\n\n\n<figure class=\"wp-block-image size-large\"><img loading=\"lazy\" decoding=\"async\" width=\"480\" height=\"360\" data-id=\"115\" src=\"https:\/\/zielubau.de\/wp-content\/uploads\/2023\/12\/175501490_2545333302428345_7929938091465091324_n.jpg\" alt=\"\" class=\"wp-image-115\" srcset=\"https:\/\/zielubau.de\/wp-content\/uploads\/2023\/12\/175501490_2545333302428345_7929938091465091324_n.jpg 480w, https:\/\/zielubau.de\/wp-content\/uploads\/2023\/12\/175501490_2545333302428345_7929938091465091324_n-300x225.jpg 300w\" sizes=\"auto, (max-width: 480px) 100vw, 480px\" \/><\/figure>\n<\/figure>\n\n\n\n<h2 class=\"wp-block-heading\"><\/h2>\n\n\n\n<p><em>Suchen Sie einen kompetenten Partner f\u00fcr Ihre Bauprojekte? Hier sind Sie richtig! Wir laden Sie ein pers\u00f6nlich mit uns zu sprechen.<\/em><\/p>\n\n\n\n<p><strong><em>Wir warten auf Sie!<\/em><\/strong><br>Mit freundlichen Gr\u00fc\u00dfen:<\/p>\n\n\n\n<p><strong>Matias 01788161888<\/strong><\/p>\n\n\n\n<p><strong>P.s:<br><\/strong>Wir laden auch unseren Auftragsgeber Ihre Meinungen der Facebook- Gesellschaft zu teilen und Bewertungen auf Google hinzuzuf\u00fcgen.<\/p>\n","protected":false},"excerpt":{"rendered":"<p>Ich begr\u00fc\u00dfe Sie herzlich Es ist die Zeit gekommen um unser wunderbares Abenteuer mit dem Eko-Komplex von Herrn Dirkes abzuschlie\u00dfen.&nbsp; Der Kunde und die Firma Zielubau sind zufrieden.\u00a0 Wir teilen Ihnen den Endeffekt unserer Fertigstellung von Innenr\u00e4umen mit und wir k\u00f6nnen mit Sicherheit sagen, dass es ein Komplex ist, der mindestens in 95% aus den &hellip; <\/p>\n<p class=\"link-more\"><a href=\"https:\/\/zielubau.de\/?page_id=45\" class=\"more-link\"><span class=\"screen-reader-text\">\u201eProjekt 1\u201c <\/span>weiterlesen<\/a><\/p>\n","protected":false},"author":1,"featured_media":0,"parent":0,"menu_order":0,"comment_status":"closed","ping_status":"closed","template":"","meta":{"ngg_post_thumbnail":0,"iawp_total_views":602,"footnotes":""},"class_list":["post-45","page","type-page","status-publish","hentry"],"_links":{"self":[{"href":"https:\/\/zielubau.de\/index.php?rest_route=\/wp\/v2\/pages\/45","targetHints":{"allow":["GET"]}}],"collection":[{"href":"https:\/\/zielubau.de\/index.php?rest_route=\/wp\/v2\/pages"}],"about":[{"href":"https:\/\/zielubau.de\/index.php?rest_route=\/wp\/v2\/types\/page"}],"author":[{"embeddable":true,"href":"https:\/\/zielubau.de\/index.php?rest_route=\/wp\/v2\/users\/1"}],"replies":[{"embeddable":true,"href":"https:\/\/zielubau.de\/index.php?rest_route=%2Fwp%2Fv2%2Fcomments&post=45"}],"version-history":[{"count":11,"href":"https:\/\/zielubau.de\/index.php?rest_route=\/wp\/v2\/pages\/45\/revisions"}],"predecessor-version":[{"id":141,"href":"https:\/\/zielubau.de\/index.php?rest_route=\/wp\/v2\/pages\/45\/revisions\/141"}],"wp:attachment":[{"href":"https:\/\/zielubau.de\/index.php?rest_route=%2Fwp%2Fv2%2Fmedia&parent=45"}],"curies":[{"name":"wp","href":"https:\/\/api.w.org\/{rel}","templated":true}]}}